{"id":26,"date":"2024-03-22T09:04:00","date_gmt":"2024-03-22T09:04:00","guid":{"rendered":"https:\/\/kapeller-laura.web.kslinz.at\/?page_id=26"},"modified":"2025-06-03T09:53:40","modified_gmt":"2025-06-03T09:53:40","slug":"home","status":"publish","type":"page","link":"https:\/\/kapeller-laura.web.kslinz.at\/index.php\/home\/","title":{"rendered":"Mein Leben"},"content":{"rendered":"\n<p class=\"has-text-align-center\">Mein Name ist Laura Kapeller, bin 16 Jahre alt  und komme aus Leonding, \u00d6sterreich.<\/p>\n\n\n\n<div class=\"wp-block-group has-second-primary-gradient-gradient-background has-background is-layout-constrained wp-container-core-group-is-layout-601d63fe wp-block-group-is-layout-constrained\" style=\"padding-top:7rem;padding-right:var(--wp--preset--spacing--40);padding-bottom:7rem;padding-left:var(--wp--preset--spacing--40)\">\n<div class=\"wp-block-columns are-vertically-aligned-center is-layout-flex wp-container-core-columns-is-layout-66fad18a wp-block-columns-is-layout-flex\">\n<div class=\"wp-block-column is-vertically-aligned-center is-layout-flow wp-container-core-column-is-layout-86e030de wp-block-column-is-layout-flow\" style=\"padding-left:var(--wp--preset--spacing--70)\">\n<div class=\"wp-block-columns is-layout-flex wp-container-core-columns-is-layout-28f84493 wp-block-columns-is-layout-flex\">\n<div class=\"wp-block-column is-layout-flow wp-block-column-is-layout-flow\" style=\"flex-basis:80px\">\n<h2 class=\"wp-block-heading has-foregound-alt-color has-text-color has-link-color has-xx-large-font-size wp-elements-9a19b286c8ddbcbc5075aba1f6a7e529\" style=\"font-style:normal;font-weight:700;line-height:1\">01<\/h2>\n<\/div>\n\n\n\n<div class=\"wp-block-column is-layout-flow wp-block-column-is-layout-flow\" style=\"flex-basis:66.66%\">\n<div class=\"wp-block-group is-vertical is-layout-flex wp-container-core-group-is-layout-c35747d5 wp-block-group-is-layout-flex\">\n<h4 class=\"wp-block-heading has-foregound-alt-color has-text-color has-link-color wp-elements-d265a42917c5f3dacc8c71452447dee5\">Schullaufbahn<\/h4>\n\n\n\n<p class=\"has-tertiary-light-color has-text-color has-link-color wp-elements-62497d3999658e6353162aa74515fa25\">HLW Kreuzschwestern Linz 2021-2025<\/p>\n\n\n\n<p class=\"has-tertiary-light-color has-text-color has-link-color wp-elements-1d3c9cce6a273f885fd20437a7db8d80\">AHS Kreuzschwestern Linz 2018-2021<\/p>\n\n\n\n<p class=\"has-tertiary-light-color has-text-color has-link-color wp-elements-32da48a9d505abe5eb3b73ef7c2c3f36\">Volkschule VS 32 2014-2018<\/p>\n<\/div>\n<\/div>\n<\/div>\n\n\n\n<div class=\"wp-block-columns is-layout-flex wp-container-core-columns-is-layout-28f84493 wp-block-columns-is-layout-flex\">\n<div class=\"wp-block-column is-layout-flow wp-block-column-is-layout-flow\" style=\"flex-basis:80px\">\n<h2 class=\"wp-block-heading has-foregound-alt-color has-text-color has-link-color wp-elements-5df6b6269d1432a8d1b076cdaed0a2a4\" style=\"font-style:normal;font-weight:700;line-height:1\">02<\/h2>\n<\/div>\n\n\n\n<div class=\"wp-block-column is-layout-flow wp-block-column-is-layout-flow\" style=\"flex-basis:66.66%\">\n<div class=\"wp-block-group is-vertical is-layout-flex wp-container-core-group-is-layout-accb2a1d wp-block-group-is-layout-flex\" style=\"margin-top:0;margin-bottom:0\">\n<h4 class=\"wp-block-heading has-foregound-alt-color has-text-color has-link-color wp-elements-1681c5aaa9975c23d902dcfc75704113\">Familie<\/h4>\n\n\n\n<p class=\"has-tertiary-light-color has-text-color has-link-color wp-elements-52164238126b0c1a1993d0f38852dffc\">Zu meiner Familie z\u00e4hlen meine Mama Daniela, mein Papa Harald, meine j\u00fcngere Schwester Hanna und unser Kater Flecki. Sie sind mir unendlich wichtig und wir verbringen sehr viel unserer Freizeit miteinander.<\/p>\n<\/div>\n<\/div>\n<\/div>\n\n\n\n<div class=\"wp-block-columns is-layout-flex wp-container-core-columns-is-layout-28f84493 wp-block-columns-is-layout-flex\">\n<div class=\"wp-block-column is-layout-flow wp-block-column-is-layout-flow\" style=\"flex-basis:80px\">\n<h2 class=\"wp-block-heading has-foregound-alt-color has-text-color has-link-color wp-elements-9bd990c0025ba17d6442df6149a6f568\" style=\"font-style:normal;font-weight:700;line-height:1\">03<\/h2>\n<\/div>\n\n\n\n<div class=\"wp-block-column is-layout-flow wp-block-column-is-layout-flow\" style=\"flex-basis:66.66%\">\n<div class=\"wp-block-group is-vertical is-layout-flex wp-container-core-group-is-layout-c35747d5 wp-block-group-is-layout-flex\">\n<h4 class=\"wp-block-heading has-foregound-alt-color has-text-color has-link-color wp-elements-e2d987e15061f5b66b6d2e897a09b4db\">Freunde<\/h4>\n\n\n\n<p class=\"has-tertiary-light-color has-text-color has-link-color wp-elements-5b34376dc924ecf75cc634c20f0594c6\">Nicht nur meine Familie ist eine wichtige St\u00fctze in meinem Leben, sondern auch meine Freunde, die mich immer unterst\u00fctzen und f\u00fcr mich da sind.<\/p>\n<\/div>\n<\/div>\n<\/div>\n<\/div>\n\n\n\n<div class=\"wp-block-column is-vertically-aligned-center is-layout-flow wp-container-core-column-is-layout-86e030de wp-block-column-is-layout-flow\" style=\"padding-left:var(--wp--preset--spacing--70)\">\n<div class=\"wp-block-cover alignleft is-light is-style-fotawp-cover-round-style\" style=\"border-radius:0px;min-height:463px;aspect-ratio:unset;\"><img loading=\"lazy\" decoding=\"async\" width=\"1920\" height=\"2560\" class=\"wp-block-cover__image-background wp-image-141\" alt=\"\" src=\"https:\/\/kapeller-laura.web.kslinz.at\/wp-content\/uploads\/2024\/03\/portrait-ich-scaled.jpg\" style=\"object-position:50% 50%\" data-object-fit=\"cover\" data-object-position=\"50% 50%\" srcset=\"https:\/\/kapeller-laura.web.kslinz.at\/wp-content\/uploads\/2024\/03\/portrait-ich-scaled.jpg 1920w, https:\/\/kapeller-laura.web.kslinz.at\/wp-content\/uploads\/2024\/03\/portrait-ich-225x300.jpg 225w, https:\/\/kapeller-laura.web.kslinz.at\/wp-content\/uploads\/2024\/03\/portrait-ich-768x1024.jpg 768w, https:\/\/kapeller-laura.web.kslinz.at\/wp-content\/uploads\/2024\/03\/portrait-ich-1152x1536.jpg 1152w, https:\/\/kapeller-laura.web.kslinz.at\/wp-content\/uploads\/2024\/03\/portrait-ich-1536x2048.jpg 1536w\" sizes=\"auto, (max-width: 1920px) 100vw, 1920px\" \/><span aria-hidden=\"true\" class=\"wp-block-cover__background has-background-dim-0 has-background-dim\"><\/span><div class=\"wp-block-cover__inner-container is-layout-flow wp-block-cover-is-layout-flow\">\n<p class=\"has-text-align-center has-large-font-size\"><\/p>\n<\/div><\/div>\n<\/div>\n<\/div>\n<\/div>\n\n\n\n<p class=\"has-text-align-center has-background-color has-blush-light-purple-gradient-background has-text-color has-background has-link-color wp-elements-4489e035dd4989a2bf801bed2d14fe6f\" style=\"padding-top:var(--wp--preset--spacing--80);padding-bottom:var(--wp--preset--spacing--80)\">&#8222;Familie ist nicht nur ein Wort, sondern das Kapitel, das uns durch unser Leben tr\u00e4gt &#8211; mit Liebe, Geborgenheit und unendlichen Geschichten, die uns verbinden.&#8220;<\/p>\n","protected":false},"excerpt":{"rendered":"<p>Mein Name ist Laura Kapeller, bin 16 Jahre alt und komme aus Leonding, \u00d6sterreich. 01 Schullaufbahn HLW Kreuzschwestern Linz 2021-2025 AHS Kreuzschwestern Linz 2018-2021 Volkschule VS 32 2014-2018 02&#8230;<\/p>\n","protected":false},"author":1,"featured_media":0,"parent":0,"menu_order":0,"comment_status":"closed","ping_status":"closed","template":"","meta":{"footnotes":""},"class_list":["post-26","page","type-page","status-publish","hentry"],"_links":{"self":[{"href":"https:\/\/kapeller-laura.web.kslinz.at\/index.php\/wp-json\/wp\/v2\/pages\/26","targetHints":{"allow":["GET"]}}],"collection":[{"href":"https:\/\/kapeller-laura.web.kslinz.at\/index.php\/wp-json\/wp\/v2\/pages"}],"about":[{"href":"https:\/\/kapeller-laura.web.kslinz.at\/index.php\/wp-json\/wp\/v2\/types\/page"}],"author":[{"embeddable":true,"href":"https:\/\/kapeller-laura.web.kslinz.at\/index.php\/wp-json\/wp\/v2\/users\/1"}],"replies":[{"embeddable":true,"href":"https:\/\/kapeller-laura.web.kslinz.at\/index.php\/wp-json\/wp\/v2\/comments?post=26"}],"version-history":[{"count":15,"href":"https:\/\/kapeller-laura.web.kslinz.at\/index.php\/wp-json\/wp\/v2\/pages\/26\/revisions"}],"predecessor-version":[{"id":331,"href":"https:\/\/kapeller-laura.web.kslinz.at\/index.php\/wp-json\/wp\/v2\/pages\/26\/revisions\/331"}],"wp:attachment":[{"href":"https:\/\/kapeller-laura.web.kslinz.at\/index.php\/wp-json\/wp\/v2\/media?parent=26"}],"curies":[{"name":"wp","href":"https:\/\/api.w.org\/{rel}","templated":true}]}}