{"id":53,"date":"2024-03-30T15:00:08","date_gmt":"2024-03-30T15:00:08","guid":{"rendered":"https:\/\/kapeller-laura.web.kslinz.at\/?page_id=53"},"modified":"2025-06-03T08:57:45","modified_gmt":"2025-06-03T08:57:45","slug":"ueber-meine-hobbys","status":"publish","type":"page","link":"https:\/\/kapeller-laura.web.kslinz.at\/index.php\/ueber-meine-hobbys\/","title":{"rendered":"Meine Hobbys"},"content":{"rendered":"\n<div class=\"wp-block-group has-primary-background-color has-background is-layout-constrained wp-container-core-group-is-layout-3891ec23 wp-block-group-is-layout-constrained\" style=\"padding-top:0rem;padding-right:0;padding-bottom:0rem;padding-left:0\">\n<div class=\"wp-block-columns are-vertically-aligned-center has-third-primary-gradient-gradient-background has-background is-layout-flex wp-container-core-columns-is-layout-b99f6138 wp-block-columns-is-layout-flex\" style=\"margin-top:0;margin-bottom:0;padding-top:var(--wp--preset--spacing--50)\">\n<div class=\"wp-block-column is-vertically-aligned-center is-layout-flow wp-block-column-is-layout-flow\" style=\"flex-basis:58.6%\"><style type=\"text\/css\" scoped>.rbs_gallery_69d50c13a15e8Spinner{\r\n\t\t\t\tmargin: 50px auto;\r\n\t\t\t\twidth: 50px;\r\n\t\t\t\theight: 40px;\r\n\t\t\t\ttext-align: center;\r\n\t\t\t\tfont-size: 10px;\r\n\t\t\t}\r\n\t\t\t.rbs_gallery_69d50c13a15e8Spinner > div{\r\n\t\t\t  background-color: #333;\r\n\t\t\t  height: 100%;\r\n\t\t\t  width: 6px;\r\n\t\t\t  display: inline-block;\r\n\t\t\t  -webkit-animation: rbs_gallery_69d50c13a15e8-stretchdelay 1.2s infinite ease-in-out;\r\n\t\t\t  animation: rbs_gallery_69d50c13a15e8-stretchdelay 1.2s infinite ease-in-out;\r\n\t\t\t}\r\n\t\t\t.rbs_gallery_69d50c13a15e8Spinner .rbs_gallery_69d50c13a15e8Rect2 {\r\n\t\t\t  -webkit-animation-delay: -1.1s;\r\n\t\t\t  animation-delay: -1.1s;\r\n\t\t\t}\r\n\t\t\t.rbs_gallery_69d50c13a15e8Spinner .rbs_gallery_69d50c13a15e8Rect3 {\r\n\t\t\t  -webkit-animation-delay: -1.0s;\r\n\t\t\t  animation-delay: -1.0s;\r\n\t\t\t}\r\n\t\t\t.rbs_gallery_69d50c13a15e8Spinner .rbs_gallery_69d50c13a15e8Rect4 {\r\n\t\t\t  -webkit-animation-delay: -0.9s;\r\n\t\t\t  animation-delay: -0.9s;\r\n\t\t\t}\r\n\t\t\t.rbs_gallery_69d50c13a15e8Spinner .rbs_gallery_69d50c13a15e8Rect5 {\r\n\t\t\t  -webkit-animation-delay: -0.8s;\r\n\t\t\t  animation-delay: -0.8s;\r\n\t\t\t}\r\n\t\t\t@-webkit-keyframes rbs_gallery_69d50c13a15e8-stretchdelay {\r\n\t\t\t  0%, 40%, 100% { -webkit-transform: scaleY(0.4) }  \r\n\t\t\t  20% { -webkit-transform: scaleY(1.0) }\r\n\t\t\t}\r\n\t\t\t@keyframes rbs_gallery_69d50c13a15e8-stretchdelay {\r\n\t\t\t  0%, 40%, 100% { \r\n\t\t\t    transform: scaleY(0.4);\r\n\t\t\t    -webkit-transform: scaleY(0.4);\r\n\t\t\t  }  20% { \r\n\t\t\t    transform: scaleY(1.0);\r\n\t\t\t    -webkit-transform: scaleY(1.0);\r\n\t\t\t  }\r\n\t\t\t}\r\n\t\t<\/style><div id=\"robo-gallery-slider-wraprbs_gallery_69d50c13a15e8\" class=\"robo-gallery-slider-wrap robo-gallery-slider-wrap-id104 robo-gallery-slider\"><div id=\"rbs_gallery_69d50c13a15e8-block-loader\" class=\"rbs_gallery_69d50c13a15e8Spinner\"><div class=\"rbs_gallery_69d50c13a15e8Rect1\"><\/div> <div class=\"rbs_gallery_69d50c13a15e8Rect2\"><\/div> <div class=\"rbs_gallery_69d50c13a15e8Rect3\"><\/div> <div class=\"rbs_gallery_69d50c13a15e8Rect4\"><\/div> <div class=\"rbs_gallery_69d50c13a15e8Rect5\"><\/div><\/div><div id=\"robo-gallery-slider-block-rbs_gallery_69d50c13a15e8\"  data-options=\"rbs_gallery_69d50c13a15e8\" \r\n\t\t\t\t\tclass=\"swiper-container robo-gallery-slider-container robo-gallery-slider-104\" \r\n\t\t\t\t\tstyle=\"  display: none;\"\r\n\t\t\t\t\t\r\n\t\t\t\t><div id=\"rbs_gallery_69d50c13a15e8\" class=\"swiper-wrapper robo-slider-gallery  \"><div class=\"swiper-slide  \" \r\n \t\t\t\t\tstyle=\"background-image:url('https:\/\/kapeller-laura.web.kslinz.at\/wp-content\/uploads\/2024\/03\/eishockey-ich-2-scaled.jpg');\" ><\/div><div class=\"swiper-slide  \" \r\n \t\t\t\t\tstyle=\"background-image:url('https:\/\/kapeller-laura.web.kslinz.at\/wp-content\/uploads\/2024\/03\/ich-eishockey-3-scaled.jpg');\" ><\/div><div class=\"swiper-slide  \" \r\n \t\t\t\t\tstyle=\"background-image:url('https:\/\/kapeller-laura.web.kslinz.at\/wp-content\/uploads\/2024\/03\/ich-eishockey-1-scaled.jpg');\" ><\/div><\/div><div class=\"swiper-pagination\"><\/div><\/div><\/div><script>var rbs_gallery_69d50c13a15e8 = {\"version\":\"3.2.19\",\"id\":104,\"class\":\"id104\",\"roboGalleryDelay\":1000,\"mainContainer\":\"#robo_gallery_main_block_rbs_gallery_69d50c13a15e8\",\"loadingContainer\":\"#rbs_gallery_69d50c13a15e8-block-loader\",\"loadingContainerObj\":\"rbs_gallery_69d50c13a15e8-block-loader\",\"loop\":true,\"centeredSlides\":true,\"autoplay\":{\"delay\":3000,\"disableOnInteraction\":false},\"preloadImages\":true,\"updateOnImagesReady\":true,\"effect\":\"slide\",\"direction\":\"horizontal\",\"pagination\":{\"el\":\".swiper-pagination\",\"type\":\"bullets\",\"clickable\":true,\"dynamicBullets\":true},\"wrapContainer\":\"#robo-gallery-wrap-rbs_gallery_69d50c13a15e8\"};<\/script><\/div>\n\n\n\n<div class=\"wp-block-column is-vertically-aligned-center is-layout-flow wp-container-core-column-is-layout-8656f27c wp-block-column-is-layout-flow\" style=\"padding-top:var(--wp--preset--spacing--50);padding-right:var(--wp--preset--spacing--70);padding-bottom:var(--wp--preset--spacing--50);padding-left:var(--wp--preset--spacing--70);flex-basis:50%\">\n<h1 class=\"wp-block-heading has-foregound-alt-color has-text-color\" style=\"font-size:44px;line-height:1.2\">Eishockey&#8230;<\/h1>\n\n\n\n<p class=\"has-background-alt-color has-text-color\" style=\"font-size:18px\">Seit ein paar Jahren spiele ich Eishockey und seitdem ist dieser Sport ein wichtiger Teil meines Lebens. Eishockey ist mein Ausgleich zu meinem Alltag am Computer und in der Schule.<\/p>\n\n\n\n<div style=\"height:10px\" aria-hidden=\"true\" class=\"wp-block-spacer\"><\/div>\n<\/div>\n<\/div>\n<\/div>\n\n\n\n<div class=\"wp-block-columns are-vertically-aligned-center has-third-primary-gradient-gradient-background has-background is-layout-flex wp-container-core-columns-is-layout-a680a1b6 wp-block-columns-is-layout-flex\">\n<div class=\"wp-block-column is-vertically-aligned-center has-transparent-background-color has-background is-layout-flow wp-container-core-column-is-layout-b27b4fe3 wp-block-column-is-layout-flow\" style=\"padding-top:0;padding-right:var(--wp--preset--spacing--80);padding-bottom:0;padding-left:var(--wp--preset--spacing--80);flex-basis:50%\">\n<h1 class=\"wp-block-heading has-text-align-right has-foregound-alt-color has-transparent-background-color has-text-color has-background has-xx-large-font-size\" style=\"line-height:1.2\">Lesen&#8230;<\/h1>\n\n\n\n<p class=\"has-text-align-right has-background-alt-color has-text-color\" style=\"font-size:18px\">In meiner Freizeit lese ich sehr gerne, um mich von meinem Schulalltag abzulenken, meine Kreativit\u00e4t zu f\u00f6rdern und in fremde Welten abzutauchen.<\/p>\n\n\n\n<div style=\"height:10px\" aria-hidden=\"true\" class=\"wp-block-spacer\"><\/div>\n<\/div>\n\n\n\n<div class=\"wp-block-column is-vertically-aligned-center is-layout-flow wp-block-column-is-layout-flow\" style=\"flex-basis:58.6%\">\n<div class=\"wp-block-cover is-light\" style=\"min-height:500px;aspect-ratio:unset;\"><img loading=\"lazy\" decoding=\"async\" width=\"2560\" height=\"1707\" class=\"wp-block-cover__image-background wp-image-106\" alt=\"\" src=\"https:\/\/kapeller-laura.web.kslinz.at\/wp-content\/uploads\/2024\/03\/buecherstapel-scaled.jpg\" data-object-fit=\"cover\" srcset=\"https:\/\/kapeller-laura.web.kslinz.at\/wp-content\/uploads\/2024\/03\/buecherstapel-scaled.jpg 2560w, https:\/\/kapeller-laura.web.kslinz.at\/wp-content\/uploads\/2024\/03\/buecherstapel-300x200.jpg 300w, https:\/\/kapeller-laura.web.kslinz.at\/wp-content\/uploads\/2024\/03\/buecherstapel-1024x683.jpg 1024w, https:\/\/kapeller-laura.web.kslinz.at\/wp-content\/uploads\/2024\/03\/buecherstapel-768x512.jpg 768w, https:\/\/kapeller-laura.web.kslinz.at\/wp-content\/uploads\/2024\/03\/buecherstapel-1536x1024.jpg 1536w, https:\/\/kapeller-laura.web.kslinz.at\/wp-content\/uploads\/2024\/03\/buecherstapel-2048x1365.jpg 2048w\" sizes=\"auto, (max-width: 2560px) 100vw, 2560px\" \/><span aria-hidden=\"true\" class=\"wp-block-cover__background has-background-dim-0 has-background-dim\"><\/span><div class=\"wp-block-cover__inner-container is-layout-flow wp-block-cover-is-layout-flow\">\n<p class=\"has-text-align-center has-large-font-size\"><\/p>\n<\/div><\/div>\n<\/div>\n<\/div>\n\n\n\n<div class=\"wp-block-group has-primary-background-color has-background is-layout-constrained wp-container-core-group-is-layout-3891ec23 wp-block-group-is-layout-constrained\" style=\"padding-top:0rem;padding-right:0;padding-bottom:0rem;padding-left:0\">\n<div class=\"wp-block-columns are-vertically-aligned-center has-third-primary-gradient-gradient-background has-background is-layout-flex wp-container-core-columns-is-layout-2986338e wp-block-columns-is-layout-flex\" style=\"margin-top:0;margin-bottom:0;padding-top:var(--wp--preset--spacing--50);padding-bottom:var(--wp--preset--spacing--50)\">\n<div class=\"wp-block-column is-vertically-aligned-center is-layout-flow wp-block-column-is-layout-flow\" style=\"flex-basis:58.6%\"><style type=\"text\/css\" scoped>.rbs_gallery_69d50c13b1c3aSpinner{\r\n\t\t\t\tmargin: 50px auto;\r\n\t\t\t\twidth: 50px;\r\n\t\t\t\theight: 40px;\r\n\t\t\t\ttext-align: center;\r\n\t\t\t\tfont-size: 10px;\r\n\t\t\t}\r\n\t\t\t.rbs_gallery_69d50c13b1c3aSpinner > div{\r\n\t\t\t  background-color: #333;\r\n\t\t\t  height: 100%;\r\n\t\t\t  width: 6px;\r\n\t\t\t  display: inline-block;\r\n\t\t\t  -webkit-animation: rbs_gallery_69d50c13b1c3a-stretchdelay 1.2s infinite ease-in-out;\r\n\t\t\t  animation: rbs_gallery_69d50c13b1c3a-stretchdelay 1.2s infinite ease-in-out;\r\n\t\t\t}\r\n\t\t\t.rbs_gallery_69d50c13b1c3aSpinner .rbs_gallery_69d50c13b1c3aRect2 {\r\n\t\t\t  -webkit-animation-delay: -1.1s;\r\n\t\t\t  animation-delay: -1.1s;\r\n\t\t\t}\r\n\t\t\t.rbs_gallery_69d50c13b1c3aSpinner .rbs_gallery_69d50c13b1c3aRect3 {\r\n\t\t\t  -webkit-animation-delay: -1.0s;\r\n\t\t\t  animation-delay: -1.0s;\r\n\t\t\t}\r\n\t\t\t.rbs_gallery_69d50c13b1c3aSpinner .rbs_gallery_69d50c13b1c3aRect4 {\r\n\t\t\t  -webkit-animation-delay: -0.9s;\r\n\t\t\t  animation-delay: -0.9s;\r\n\t\t\t}\r\n\t\t\t.rbs_gallery_69d50c13b1c3aSpinner .rbs_gallery_69d50c13b1c3aRect5 {\r\n\t\t\t  -webkit-animation-delay: -0.8s;\r\n\t\t\t  animation-delay: -0.8s;\r\n\t\t\t}\r\n\t\t\t@-webkit-keyframes rbs_gallery_69d50c13b1c3a-stretchdelay {\r\n\t\t\t  0%, 40%, 100% { -webkit-transform: scaleY(0.4) }  \r\n\t\t\t  20% { -webkit-transform: scaleY(1.0) }\r\n\t\t\t}\r\n\t\t\t@keyframes rbs_gallery_69d50c13b1c3a-stretchdelay {\r\n\t\t\t  0%, 40%, 100% { \r\n\t\t\t    transform: scaleY(0.4);\r\n\t\t\t    -webkit-transform: scaleY(0.4);\r\n\t\t\t  }  20% { \r\n\t\t\t    transform: scaleY(1.0);\r\n\t\t\t    -webkit-transform: scaleY(1.0);\r\n\t\t\t  }\r\n\t\t\t}\r\n\t\t<\/style><div id=\"robo-gallery-slider-wraprbs_gallery_69d50c13b1c3a\" class=\"robo-gallery-slider-wrap robo-gallery-slider-wrap-id129 robo-gallery-slider\"><div id=\"rbs_gallery_69d50c13b1c3a-block-loader\" class=\"rbs_gallery_69d50c13b1c3aSpinner\"><div class=\"rbs_gallery_69d50c13b1c3aRect1\"><\/div> <div class=\"rbs_gallery_69d50c13b1c3aRect2\"><\/div> <div class=\"rbs_gallery_69d50c13b1c3aRect3\"><\/div> <div class=\"rbs_gallery_69d50c13b1c3aRect4\"><\/div> <div class=\"rbs_gallery_69d50c13b1c3aRect5\"><\/div><\/div><div id=\"robo-gallery-slider-block-rbs_gallery_69d50c13b1c3a\"  data-options=\"rbs_gallery_69d50c13b1c3a\" \r\n\t\t\t\t\tclass=\"swiper-container robo-gallery-slider-container robo-gallery-slider-129\" \r\n\t\t\t\t\tstyle=\"  display: none;\"\r\n\t\t\t\t\t\r\n\t\t\t\t><div id=\"rbs_gallery_69d50c13b1c3a\" class=\"swiper-wrapper robo-slider-gallery  \"><div class=\"swiper-slide  \" \r\n \t\t\t\t\tstyle=\"background-image:url('https:\/\/kapeller-laura.web.kslinz.at\/wp-content\/uploads\/2024\/03\/flecki-20231203-1-4-scaled.jpg');\" ><\/div><div class=\"swiper-slide  \" \r\n \t\t\t\t\tstyle=\"background-image:url('https:\/\/kapeller-laura.web.kslinz.at\/wp-content\/uploads\/2025\/06\/AmstettnerWoelfe-vs-PJT-KM1-20250131-17-scaled.jpg');\" ><\/div><div class=\"swiper-slide  \" \r\n \t\t\t\t\tstyle=\"background-image:url('https:\/\/kapeller-laura.web.kslinz.at\/wp-content\/uploads\/2025\/06\/PJT-KM1-vs-FireOnIceWels-20250104-27-scaled.jpg');\" ><\/div><div class=\"swiper-slide  \" \r\n \t\t\t\t\tstyle=\"background-image:url('https:\/\/kapeller-laura.web.kslinz.at\/wp-content\/uploads\/2025\/06\/Screenshot-2025-06-03-105526.png');\" ><\/div><div class=\"swiper-slide  \" \r\n \t\t\t\t\tstyle=\"background-image:url('https:\/\/kapeller-laura.web.kslinz.at\/wp-content\/uploads\/2025\/06\/2024-11-16-PJT-KM1-vs-FireOnIceWels-20241116-23-scaled.jpg');\" ><\/div><div class=\"swiper-slide  \" \r\n \t\t\t\t\tstyle=\"background-image:url('https:\/\/kapeller-laura.web.kslinz.at\/wp-content\/uploads\/2024\/03\/ziege-20231230-1-3-scaled.jpg');\" ><\/div><div class=\"swiper-slide  \" \r\n \t\t\t\t\tstyle=\"background-image:url('https:\/\/kapeller-laura.web.kslinz.at\/wp-content\/uploads\/2024\/03\/rauch-20231206-1-2-scaled.jpg');\" ><\/div><div class=\"swiper-slide  \" \r\n \t\t\t\t\tstyle=\"background-image:url('https:\/\/kapeller-laura.web.kslinz.at\/wp-content\/uploads\/2024\/03\/lichter-20231130-1-1-scaled.jpg');\" ><\/div><\/div><div class=\"swiper-pagination\"><\/div><\/div><\/div><script>var rbs_gallery_69d50c13b1c3a = {\"version\":\"3.2.19\",\"id\":129,\"class\":\"id129\",\"roboGalleryDelay\":1000,\"mainContainer\":\"#robo_gallery_main_block_rbs_gallery_69d50c13b1c3a\",\"loadingContainer\":\"#rbs_gallery_69d50c13b1c3a-block-loader\",\"loadingContainerObj\":\"rbs_gallery_69d50c13b1c3a-block-loader\",\"loop\":true,\"centeredSlides\":true,\"autoplay\":{\"delay\":3000,\"disableOnInteraction\":false},\"preloadImages\":true,\"updateOnImagesReady\":true,\"effect\":\"slide\",\"direction\":\"horizontal\",\"pagination\":{\"el\":\".swiper-pagination\",\"type\":\"bullets\",\"clickable\":true,\"dynamicBullets\":true},\"wrapContainer\":\"#robo-gallery-wrap-rbs_gallery_69d50c13b1c3a\"};<\/script><\/div>\n\n\n\n<div class=\"wp-block-column is-vertically-aligned-center is-layout-flow wp-container-core-column-is-layout-8656f27c wp-block-column-is-layout-flow\" style=\"padding-top:var(--wp--preset--spacing--50);padding-right:var(--wp--preset--spacing--70);padding-bottom:var(--wp--preset--spacing--50);padding-left:var(--wp--preset--spacing--70);flex-basis:50%\">\n<h1 class=\"wp-block-heading has-foregound-alt-color has-text-color\" style=\"font-size:44px;line-height:1.2\">Fotografie&#8230;<\/h1>\n\n\n\n<p class=\"has-background-alt-color has-text-color\" style=\"font-size:18px\">Die Fotografie habe ich schon, als ich noch j\u00fcnger war, interessant gefunden. Durch Fotos k\u00f6nnen besondere Momente festgehalten werden und das ist etwas ganz besonderes. 2024 habe ich damit begonnen Sport zu fotografieren. Zuerst vereinzelt Fu\u00dfball- und Inlinehockeyspiele, inzwischen bin ich Fotografin bei dem Eishockeyverein &#8222;Puckj\u00e4ger Traun&#8220; und ich mache auch Fotos f\u00fcr die &#8222;Tornados Linz&#8220;.<\/p>\n<\/div>\n<\/div>\n<\/div>\n\n\n\n<p class=\"has-text-align-center has-background-color has-blush-light-purple-gradient-background has-text-color has-background has-link-color wp-elements-e99c584ae5ed56445bb108d9488bb09b\" style=\"padding-top:var(--wp--preset--spacing--80);padding-bottom:var(--wp--preset--spacing--80)\">&#8222;Das Leben ist wie ein Buch. Jeden Tag bl\u00e4ttern wir eine Seite um, auf der wir neue Abenteuer, Herausforderungen und Geschichten finden.&#8220;<\/p>\n","protected":false},"excerpt":{"rendered":"<p>Eishockey&#8230; Seit ein paar Jahren spiele ich Eishockey und seitdem ist dieser Sport ein wichtiger Teil meines Lebens. Eishockey ist mein Ausgleich zu meinem Alltag am Computer und in&#8230;<\/p>\n","protected":false},"author":1,"featured_media":0,"parent":0,"menu_order":0,"comment_status":"closed","ping_status":"closed","template":"","meta":{"footnotes":""},"class_list":["post-53","page","type-page","status-publish","hentry"],"_links":{"self":[{"href":"https:\/\/kapeller-laura.web.kslinz.at\/index.php\/wp-json\/wp\/v2\/pages\/53","targetHints":{"allow":["GET"]}}],"collection":[{"href":"https:\/\/kapeller-laura.web.kslinz.at\/index.php\/wp-json\/wp\/v2\/pages"}],"about":[{"href":"https:\/\/kapeller-laura.web.kslinz.at\/index.php\/wp-json\/wp\/v2\/types\/page"}],"author":[{"embeddable":true,"href":"https:\/\/kapeller-laura.web.kslinz.at\/index.php\/wp-json\/wp\/v2\/users\/1"}],"replies":[{"embeddable":true,"href":"https:\/\/kapeller-laura.web.kslinz.at\/index.php\/wp-json\/wp\/v2\/comments?post=53"}],"version-history":[{"count":16,"href":"https:\/\/kapeller-laura.web.kslinz.at\/index.php\/wp-json\/wp\/v2\/pages\/53\/revisions"}],"predecessor-version":[{"id":325,"href":"https:\/\/kapeller-laura.web.kslinz.at\/index.php\/wp-json\/wp\/v2\/pages\/53\/revisions\/325"}],"wp:attachment":[{"href":"https:\/\/kapeller-laura.web.kslinz.at\/index.php\/wp-json\/wp\/v2\/media?parent=53"}],"curies":[{"name":"wp","href":"https:\/\/api.w.org\/{rel}","templated":true}]}}